{"id":328,"date":"2022-12-01T11:34:28","date_gmt":"2022-12-01T09:34:28","guid":{"rendered":"https:\/\/www.atica.ee\/?page_id=328"},"modified":"2022-12-01T13:36:07","modified_gmt":"2022-12-01T11:36:07","slug":"general-terms-page","status":"publish","type":"page","link":"https:\/\/www.atica.ee\/index.php\/general-terms-page\/","title":{"rendered":"Atica Penthouse - tingimused - the terms and conditions"},"content":{"rendered":"\n<p>Tere tulemast Atica Penthous\u2019i<\/p>\n\n\n\n<p>Teil on peatumise ajaks autole 1 tasuta parkimiskoht.<br>Meil kehtivad korteris lihtsad reeglid:<br>\u2022 Lemmikloomad pole lubatud<br>\u2022 pidude keeld (trahv kuni 500 eurot)<br>\u2022 Toas suitsetamine keelatud<br>\u2022 Vaikne aeg 23.00-07.00<\/p>\n\n\n\n<p>Palun pane t\u00e4hele:<br>\u2022 Sissep\u00e4\u00e4s hoonesse on hoovi poolt.<br>\u2022 Jalgsi Sisehoovi p\u00e4\u00e4seb ilma v\u00f5tmeta.<br>\u2022 Autoga hoovi p\u00e4\u00e4seb ainult v\u00f5tmega (puldiga).<br>\u2022 1 parkimiskoha kasutamine sisehoovis on Teile tasuta (puldi tagatisraha 60\u20ac).<br>\u2022 Hoonesse sisenemiseks vajate v\u00e4lisukse kontrollerit (tagatisraha 40\u20ac)<br>\u2022 Korterisse sisenemiseks v\u00f5tit pole vaja. Korteril on nutilukk ja korterit saab avada kahel viisil:<\/p>\n\n\n\n<ul class=\"wp-block-list\">\n<li>numbrikombinatsiooni kasutamine (saate selle sisseregistreerimisel)<\/li>\n\n\n\n<li>kasutades nutitelefoni Bluetoothi, eelinstallitud rakendusega \"TT LOCK\". Selle rakenduse saate alla laadida kas APP STORE'ist v\u00f5i GOOGLE PLAY'st v\u00f5i hankida linke saidilt: https:\/\/www.pgyer.com\/Ptdq.<br>Deposiitmaksed mida n\u00f5uame:<br>\u2022 60\u20ac parkimiskoha v\u00e4ravaavaja pult<br>\u2022 40\u20ac v\u00e4lisukse kontroller<br>\u2022 Kahjutagatis 200\u20ac (lisatakse arvele)<br>Saate kviitungi sularahas tasutud deposiidi osas. Me tagastame k\u00f5ik tasutud deposiidid teie pangakontole 1 pangap\u00e4eva jooksul p\u00e4rast Teie k\u00fclastust.<\/li>\n<\/ul>\n\n\n\n<p>Teie Saabumise v\u00f5imalikult lihtsaks muutmiseks saatke meile oma e-posti aadress, mobiiltelefoni nr. esimesel v\u00f5imalusel saadame numbrikombinatsiooni korterisse p\u00e4\u00e4semiseks luku jaoks ja ka parooli ukseluku rakenduse kasutamiseks (kui otsustate seda kasutada ka nutitelefoniga). Teatage ka oma t\u00e4pne saabumisaeg \u2013 siis same Teile korteri ilma viivitusteta \u00fcle anda.<br>Loodame siiralt, et see erilise disainiga suurep\u00e4rase terrassiga korter on teile meeldib.<\/p>\n\n\n\n<p>Parimate soovidega,<br>AticaPenthouse O\u00dc | Tartu mnt. 51-56, | 10115 Tallinn | Eesti | info@atica.ee | www.atica.ee | mob. +372 53 055 135 | Whats App +372 53 796 104 |<\/p>\n\n\n\n<p>Welcome to Atica penthouse<\/p>\n\n\n\n<p>You can have 1 free parking space for duration of your stay.<br>We have simple rules in the apartment:<br>\u2022 No pets<br>\u2022 No parties (penalty up to 500 euros)<br>\u2022 No smoking inside<br>\u2022 Quiet time 23.00-07.00<\/p>\n\n\n\n<p>Please pay attention:<br>\u2022 The entrance to the building is form the courtyard.<br>\u2022 By foot You can enter to the courtyard without a key.<br>\u2022 By car You can enter to the courtyard only with a key (remote-controller).<br>\u2022 To use 1 parking place in the courtyard is free for You (on arrival to get the key You must pay deposit).<br>\u2022 To get into building You need a key front door controller<br>\u2022 To get into apartment You don<code>t need a key. The apartment has a smart-lock and You can open the apartment in two ways: -using number combination (You<\/code>ll get it at check-in)<br>-using smartphone Bluetooth, with pre-installed app called: \"TT LOCK\". You can download this app from either the APP STORE or GOOGLE PLAY or get links from the site: https:\/\/www.pgyer.com\/Ptdq.<br>Deposit payments we require:<br>\u2022 60\u20ac for parking space gate opener remote-controller (in cash on site or by bank transfer)<br>\u2022 40\u20ac for front door controller (in cash on site or by bank transfer)<br>\u2022 200\u20ac damage deposit (will be added to invoice)<br>You`ll leave your bank account number and get receipt - we will pay your deposit(s) back during 1 banking days after your stay.<\/p>\n\n\n\n<p>To make your arrival easy as possible, please send to us your e-mail address, mobilephone no. as soon as possible and we will send the number combination for lock to get into apartment and also password for using of door lock app (if You choose to use it as well with smart phone). Also let us know your exact arrival time - then we will hand over the apartment to you without delay.<br>We truly hope, that You will find this specially designed apartment with superior balcony pleasing.<br>Please send us Your email address; your exact arrival time (we will give you remote controller for car parking and front door opener) and see You soon!<\/p>\n\n\n\n<p>With best regards,<br>AticaPenthouse O\u00dc | Tartu rd. 51-56, | 10115 Tallinn | Estonia | info@atica.ee | www.atica.ee | mob. +372 53 055 135 | Whats App +372 53 796 104 |<\/p>\n","protected":false},"excerpt":{"rendered":"<p>Tere tulemast Atica Penthous\u2019i Teil on peatumise ajaks autole 1 tasuta parkimiskoht.Meil kehtivad korteris lihtsad reeglid:\u2022 Lemmikloomad pole lubatud\u2022 pidude keeld (trahv kuni 500 eurot)\u2022 Toas suitsetamine keelatud\u2022 Vaikne aeg 23.00-07.00 Palun pane t\u00e4hele:\u2022 Sissep\u00e4\u00e4s hoonesse on hoovi poolt.\u2022 Jalgsi Sisehoovi p\u00e4\u00e4seb ilma v\u00f5tmeta.\u2022 Autoga hoovi p\u00e4\u00e4seb ainult v\u00f5tmega (puldiga).\u2022 1 parkimiskoha kasutamine sisehoovis on &hellip; <\/p>\n<p class=\"link-more\"><a href=\"https:\/\/www.atica.ee\/index.php\/general-terms-page\/\" class=\"more-link\">Continue reading<span class=\"screen-reader-text\"> \"Atica Penthouse - tingimused - the terms and conditions\"<\/span><\/a><\/p>\n","protected":false},"author":2,"featured_media":121,"parent":0,"menu_order":0,"comment_status":"closed","ping_status":"closed","template":"","meta":{"footnotes":""},"class_list":["post-328","page","type-page","status-publish","has-post-thumbnail","hentry"],"aioseo_notices":[],"_links":{"self":[{"href":"https:\/\/www.atica.ee\/index.php\/wp-json\/wp\/v2\/pages\/328","targetHints":{"allow":["GET"]}}],"collection":[{"href":"https:\/\/www.atica.ee\/index.php\/wp-json\/wp\/v2\/pages"}],"about":[{"href":"https:\/\/www.atica.ee\/index.php\/wp-json\/wp\/v2\/types\/page"}],"author":[{"embeddable":true,"href":"https:\/\/www.atica.ee\/index.php\/wp-json\/wp\/v2\/users\/2"}],"replies":[{"embeddable":true,"href":"https:\/\/www.atica.ee\/index.php\/wp-json\/wp\/v2\/comments?post=328"}],"version-history":[{"count":9,"href":"https:\/\/www.atica.ee\/index.php\/wp-json\/wp\/v2\/pages\/328\/revisions"}],"predecessor-version":[{"id":349,"href":"https:\/\/www.atica.ee\/index.php\/wp-json\/wp\/v2\/pages\/328\/revisions\/349"}],"wp:featuredmedia":[{"embeddable":true,"href":"https:\/\/www.atica.ee\/index.php\/wp-json\/wp\/v2\/media\/121"}],"wp:attachment":[{"href":"https:\/\/www.atica.ee\/index.php\/wp-json\/wp\/v2\/media?parent=328"}],"curies":[{"name":"wp","href":"https:\/\/api.w.org\/{rel}","templated":true}]}}